{"id":4888,"date":"2025-07-17T01:39:17","date_gmt":"2025-07-17T01:39:17","guid":{"rendered":"https:\/\/www.projeteuropa.com\/home-2\/"},"modified":"2025-08-28T00:49:52","modified_gmt":"2025-08-28T00:49:52","slug":"accueil","status":"publish","type":"page","link":"https:\/\/www.projeteuropa.com\/en\/","title":{"rendered":"Home"},"content":{"rendered":"<div data-elementor-type=\"wp-page\" data-elementor-id=\"4888\" class=\"elementor elementor-4888\">\n\t\t\t\t<div class=\"elementor-element elementor-element-429593c e-flex e-con-boxed e-con e-parent\" data-id=\"429593c\" data-element_type=\"container\" data-e-type=\"container\" data-settings=\"{&quot;background_background&quot;:&quot;classic&quot;}\">\n\t\t\t\t\t<div class=\"e-con-inner\">\n\t\t\t\t\t<\/div>\n\t\t\t\t<\/div>\n\t\t<div class=\"elementor-element elementor-element-735d843 e-flex e-con-boxed e-con e-parent\" data-id=\"735d843\" data-element_type=\"container\" data-e-type=\"container\" data-settings=\"{&quot;background_background&quot;:&quot;classic&quot;}\">\n\t\t\t\t\t<div class=\"e-con-inner\">\n\t\t\t\t<div class=\"elementor-element elementor-element-e81376a elementor-widget elementor-widget-image-box\" data-id=\"e81376a\" data-element_type=\"widget\" data-e-type=\"widget\" data-widget_type=\"image-box.default\">\n\t\t\t\t\t<div class=\"elementor-image-box-wrapper\"><div class=\"elementor-image-box-content\"><h1 class=\"elementor-image-box-title\">Our Services<\/h1><p class=\"elementor-image-box-description\">Discover our wide range of services tailored to your property management, rental, and administration needs.<\/p><\/div><\/div>\t\t\t\t<\/div>\n\t\t<div class=\"elementor-element elementor-element-a410366 e-con-full e-flex e-con e-child\" data-id=\"a410366\" data-element_type=\"container\" data-e-type=\"container\">\n\t\t<div class=\"elementor-element elementor-element-bf43d19 e-con-full e-flex e-con e-child\" data-id=\"bf43d19\" data-element_type=\"container\" data-e-type=\"container\">\n\t\t\t\t<div class=\"elementor-element elementor-element-51f32f0 elementor-widget elementor-widget-image\" data-id=\"51f32f0\" data-element_type=\"widget\" data-e-type=\"widget\" data-widget_type=\"image.default\">\n\t\t\t\t\t\t\t\t\t\t\t\t\t\t\t<img loading=\"lazy\" decoding=\"async\" width=\"990\" height=\"657\" src=\"https:\/\/www.projeteuropa.com\/wp-content\/uploads\/2025\/07\/St-Jacques-FACADE-990-x-6571-1.webp\" class=\"attachment-full size-full wp-image-5092\" alt=\"st jacques facade 990 x 6571 (1)\" srcset=\"https:\/\/www.projeteuropa.com\/wp-content\/uploads\/2025\/07\/St-Jacques-FACADE-990-x-6571-1.webp 990w, https:\/\/www.projeteuropa.com\/wp-content\/uploads\/2025\/07\/St-Jacques-FACADE-990-x-6571-1-300x199.webp 300w, https:\/\/www.projeteuropa.com\/wp-content\/uploads\/2025\/07\/St-Jacques-FACADE-990-x-6571-1-768x510.webp 768w\" sizes=\"auto, (max-width: 990px) 100vw, 990px\" title=\"Home\">\t\t\t\t\t\t\t\t\t\t\t\t\t\t\t<\/div>\n\t\t\t\t<div class=\"elementor-element elementor-element-5ba577e elementor-widget elementor-widget-image-box\" data-id=\"5ba577e\" data-element_type=\"widget\" data-e-type=\"widget\" data-widget_type=\"image-box.default\">\n\t\t\t\t\t<div class=\"elementor-image-box-wrapper\"><div class=\"elementor-image-box-content\"><h3 class=\"elementor-image-box-title\">Property Management<\/h3><p class=\"elementor-image-box-description\">We take care of all daily operations related to your buildings. From communicating with tenants to coordinating repairs, our team ensures that each property remains clean, safe, and functional.<\/p><\/div><\/div>\t\t\t\t<\/div>\n\t\t\t\t<\/div>\n\t\t<div class=\"elementor-element elementor-element-f239f43 e-con-full e-flex e-con e-child\" data-id=\"f239f43\" data-element_type=\"container\" data-e-type=\"container\">\n\t\t\t\t<div class=\"elementor-element elementor-element-8e53c1e elementor-widget elementor-widget-image\" data-id=\"8e53c1e\" data-element_type=\"widget\" data-e-type=\"widget\" data-widget_type=\"image.default\">\n\t\t\t\t\t\t\t\t\t\t\t\t\t\t\t<img loading=\"lazy\" decoding=\"async\" width=\"1600\" height=\"1067\" src=\"https:\/\/www.projeteuropa.com\/wp-content\/uploads\/2025\/07\/marche-home.jpg\" class=\"attachment-full size-full wp-image-4925\" alt=\"marche home.jpg\" srcset=\"https:\/\/www.projeteuropa.com\/wp-content\/uploads\/2025\/07\/marche-home.jpg 1600w, https:\/\/www.projeteuropa.com\/wp-content\/uploads\/2025\/07\/marche-home-300x200.jpg 300w, https:\/\/www.projeteuropa.com\/wp-content\/uploads\/2025\/07\/marche-home-1024x683.jpg 1024w, https:\/\/www.projeteuropa.com\/wp-content\/uploads\/2025\/07\/marche-home-768x512.jpg 768w, https:\/\/www.projeteuropa.com\/wp-content\/uploads\/2025\/07\/marche-home-1536x1024.jpg 1536w\" sizes=\"auto, (max-width: 1600px) 100vw, 1600px\" title=\"Home\">\t\t\t\t\t\t\t\t\t\t\t\t\t\t\t<\/div>\n\t\t\t\t<div class=\"elementor-element elementor-element-0262834 elementor-widget elementor-widget-image-box\" data-id=\"0262834\" data-element_type=\"widget\" data-e-type=\"widget\" data-widget_type=\"image-box.default\">\n\t\t\t\t\t<div class=\"elementor-image-box-wrapper\"><div class=\"elementor-image-box-content\"><h3 class=\"elementor-image-box-title\">Residential Rental<\/h3><p class=\"elementor-image-box-description\">We ensure the effective marketing of your units, rigorous screening of applicants, and comprehensive lease management. Our goal is to maximize your income while reducing rental vacancies.<\/p><\/div><\/div>\t\t\t\t<\/div>\n\t\t\t\t<\/div>\n\t\t<div class=\"elementor-element elementor-element-bb804fc e-con-full e-flex e-con e-child\" data-id=\"bb804fc\" data-element_type=\"container\" data-e-type=\"container\">\n\t\t\t\t<div class=\"elementor-element elementor-element-c5effc6 elementor-widget elementor-widget-image\" data-id=\"c5effc6\" data-element_type=\"widget\" data-e-type=\"widget\" data-widget_type=\"image.default\">\n\t\t\t\t\t\t\t\t\t\t\t\t\t\t\t<img loading=\"lazy\" decoding=\"async\" width=\"990\" height=\"657\" src=\"https:\/\/www.projeteuropa.com\/wp-content\/uploads\/2025\/07\/penny-lane-lancement.jpg\" class=\"attachment-full size-full wp-image-4927\" alt=\"penny lane lancement.jpg\" srcset=\"https:\/\/www.projeteuropa.com\/wp-content\/uploads\/2025\/07\/penny-lane-lancement.jpg 990w, https:\/\/www.projeteuropa.com\/wp-content\/uploads\/2025\/07\/penny-lane-lancement-300x199.jpg 300w, https:\/\/www.projeteuropa.com\/wp-content\/uploads\/2025\/07\/penny-lane-lancement-768x510.jpg 768w\" sizes=\"auto, (max-width: 990px) 100vw, 990px\" title=\"Home\">\t\t\t\t\t\t\t\t\t\t\t\t\t\t\t<\/div>\n\t\t\t\t<div class=\"elementor-element elementor-element-408dc91 elementor-widget elementor-widget-image-box\" data-id=\"408dc91\" data-element_type=\"widget\" data-e-type=\"widget\" data-widget_type=\"image-box.default\">\n\t\t\t\t\t<div class=\"elementor-image-box-wrapper\"><div class=\"elementor-image-box-content\"><h3 class=\"elementor-image-box-title\">Property Administration<\/h3><p class=\"elementor-image-box-description\">We support you in the document and tax management of your properties. From bookkeeping to preparing financial reports, we simplify the administrative tasks associated with property management.<\/p><\/div><\/div>\t\t\t\t<\/div>\n\t\t\t\t<\/div>\n\t\t\t\t<\/div>\n\t\t\t\t\t<\/div>\n\t\t\t\t<\/div>\n\t\t<div class=\"elementor-element elementor-element-786a8a2 e-flex e-con-boxed e-con e-parent\" data-id=\"786a8a2\" data-element_type=\"container\" data-e-type=\"container\" data-settings=\"{&quot;background_background&quot;:&quot;classic&quot;}\">\n\t\t\t\t\t<div class=\"e-con-inner\">\n\t\t<div class=\"elementor-element elementor-element-f409a1e e-con-full e-flex e-con e-child\" data-id=\"f409a1e\" data-element_type=\"container\" data-e-type=\"container\">\n\t\t\t\t<div class=\"elementor-element elementor-element-89f0474 elementor-widget elementor-widget-image\" data-id=\"89f0474\" data-element_type=\"widget\" data-e-type=\"widget\" data-widget_type=\"image.default\">\n\t\t\t\t\t\t\t\t\t\t\t\t\t\t\t<img loading=\"lazy\" decoding=\"async\" width=\"990\" height=\"657\" src=\"https:\/\/www.projeteuropa.com\/wp-content\/uploads\/2025\/07\/PENNYLANE-apptypesans.jpg\" class=\"attachment-full size-full wp-image-4929\" alt=\"pennylane apptypesans.jpg\" srcset=\"https:\/\/www.projeteuropa.com\/wp-content\/uploads\/2025\/07\/PENNYLANE-apptypesans.jpg 990w, https:\/\/www.projeteuropa.com\/wp-content\/uploads\/2025\/07\/PENNYLANE-apptypesans-300x199.jpg 300w, https:\/\/www.projeteuropa.com\/wp-content\/uploads\/2025\/07\/PENNYLANE-apptypesans-768x510.jpg 768w\" sizes=\"auto, (max-width: 990px) 100vw, 990px\" title=\"Home\">\t\t\t\t\t\t\t\t\t\t\t\t\t\t\t<\/div>\n\t\t\t\t<\/div>\n\t\t<div class=\"elementor-element elementor-element-de808ca e-con-full e-flex e-con e-child\" data-id=\"de808ca\" data-element_type=\"container\" data-e-type=\"container\">\n\t\t\t\t<div class=\"elementor-element elementor-element-a260131 elementor-widget elementor-widget-image-box\" data-id=\"a260131\" data-element_type=\"widget\" data-e-type=\"widget\" data-widget_type=\"image-box.default\">\n\t\t\t\t\t<div class=\"elementor-image-box-wrapper\"><div class=\"elementor-image-box-content\"><h2 class=\"elementor-image-box-title\">About<\/h2><p class=\"elementor-image-box-description\">Projet Europa is a firm specializing in residential and commercial property management.\nActive since 1986, it stands out for its rigorous approach, attention to detail, and understanding of the Quebec market.\n\nHistorically active in real estate development, Projet Europa now focuses its activities on rental management and administrative support.\n\nWe serve owners, investors, and developers who are looking for high-quality, people-oriented, efficient, and compliant management services.<\/p><\/div><\/div>\t\t\t\t<\/div>\n\t\t\t\t<\/div>\n\t\t\t\t\t<\/div>\n\t\t\t\t<\/div>\n\t\t<div class=\"elementor-element elementor-element-d2b4540 e-flex e-con-boxed e-con e-parent\" data-id=\"d2b4540\" data-element_type=\"container\" data-e-type=\"container\" data-settings=\"{&quot;background_background&quot;:&quot;classic&quot;}\">\n\t\t\t\t\t<div class=\"e-con-inner\">\n\t\t\t\t<div class=\"elementor-element elementor-element-cba9b07 elementor-widget elementor-widget-image-box\" data-id=\"cba9b07\" data-element_type=\"widget\" data-e-type=\"widget\" data-widget_type=\"image-box.default\">\n\t\t\t\t\t<div class=\"elementor-image-box-wrapper\"><div class=\"elementor-image-box-content\"><h2 class=\"elementor-image-box-title\">Contact Us<\/h2><\/div><\/div>\t\t\t\t<\/div>\n\t\t<div class=\"elementor-element elementor-element-3f09503 e-con-full e-flex e-con e-child\" data-id=\"3f09503\" data-element_type=\"container\" data-e-type=\"container\">\n\t\t<div class=\"elementor-element elementor-element-1722c6c e-con-full e-flex e-con e-child\" data-id=\"1722c6c\" data-element_type=\"container\" data-e-type=\"container\">\n\t\t\t\t<div class=\"elementor-element elementor-element-3406c83 elementor-widget elementor-widget-image\" data-id=\"3406c83\" data-element_type=\"widget\" data-e-type=\"widget\" data-widget_type=\"image.default\">\n\t\t\t\t\t\t\t\t\t\t\t\t\t\t\t<img loading=\"lazy\" decoding=\"async\" width=\"990\" height=\"657\" src=\"https:\/\/www.projeteuropa.com\/wp-content\/uploads\/2025\/07\/youville2.jpg\" class=\"attachment-full size-full wp-image-4935\" alt=\"youville2.jpg\" srcset=\"https:\/\/www.projeteuropa.com\/wp-content\/uploads\/2025\/07\/youville2.jpg 990w, https:\/\/www.projeteuropa.com\/wp-content\/uploads\/2025\/07\/youville2-300x199.jpg 300w, https:\/\/www.projeteuropa.com\/wp-content\/uploads\/2025\/07\/youville2-768x510.jpg 768w\" sizes=\"auto, (max-width: 990px) 100vw, 990px\" title=\"Home\">\t\t\t\t\t\t\t\t\t\t\t\t\t\t\t<\/div>\n\t\t\t\t<\/div>\n\t\t<div class=\"elementor-element elementor-element-6c84982 e-con-full e-flex e-con e-child\" data-id=\"6c84982\" data-element_type=\"container\" data-e-type=\"container\">\n\t\t\t\t<div class=\"elementor-element elementor-element-be530ae elementor-widget elementor-widget-image-box\" data-id=\"be530ae\" data-element_type=\"widget\" data-e-type=\"widget\" data-widget_type=\"image-box.default\">\n\t\t\t\t\t<div class=\"elementor-image-box-wrapper\"><div class=\"elementor-image-box-content\"><h3 class=\"elementor-image-box-title\">Get in touch with our team today<\/h3><p class=\"elementor-image-box-description\">By phone at: <a href=\"tel:+15144479555\">514-447-9555<\/a><\/p><p>By email to: <a href=\"mailto:info@projeteuropa.com\">info@projeteuropa.com<\/a><br>\n<\/p><\/div><\/div>\t\t\t\t<\/div>\n\t\t\t\t<div class=\"elementor-element elementor-element-642efed elementor-widget elementor-widget-button\" data-id=\"642efed\" data-element_type=\"widget\" data-e-type=\"widget\" data-widget_type=\"button.default\">\n\t\t\t\t\t\t\t\t\t\t<a class=\"elementor-button elementor-button-link elementor-size-sm\" href=\"\/en\/contact\/\">\n\t\t\t\t\t\t<span class=\"elementor-button-content-wrapper\">\n\t\t\t\t\t\t\t\t\t<span class=\"elementor-button-text\">Contact Us<\/span>\n\t\t\t\t\t<\/span>\n\t\t\t\t\t<\/a>\n\t\t\t\t\t\t\t\t<\/div>\n\t\t\t\t<\/div>\n\t\t\t\t<\/div>\n\t\t\t\t\t<\/div>\n\t\t\t\t<\/div>\n\t\t<div class=\"elementor-element elementor-element-93b84d6 e-flex e-con-boxed e-con e-parent\" data-id=\"93b84d6\" data-element_type=\"container\" data-e-type=\"container\" data-settings=\"{&quot;background_background&quot;:&quot;classic&quot;}\">\n\t\t\t\t\t<div class=\"e-con-inner\">\n\t\t\t\t\t<\/div>\n\t\t\t\t<\/div>\n\t\t\t\t<\/div>","protected":false},"excerpt":{"rendered":"<p>Nos Services D\u00e9couvrez notre large \u00e9ventail de services adapt\u00e9s \u00e0 vos besoins en gestion, location et administration immobili\u00e8re. Gestion Immobili\u00e8re\u200b [&hellip;]<\/p>\n","protected":false},"author":1,"featured_media":0,"parent":0,"menu_order":0,"comment_status":"closed","ping_status":"closed","template":"","meta":{"nf_dc_page":"","site-sidebar-layout":"no-sidebar","site-content-layout":"","ast-site-content-layout":"full-width-container","site-content-style":"default","site-sidebar-style":"default","ast-global-header-display":"","ast-banner-title-visibility":"","ast-main-header-display":"","ast-hfb-above-header-display":"","ast-hfb-below-header-display":"","ast-hfb-mobile-header-display":"","site-post-title":"disabled","ast-breadcrumbs-content":"","ast-featured-img":"disabled","footer-sml-layout":"","ast-disable-related-posts":"","theme-transparent-header-meta":"","adv-header-id-meta":"","stick-header-meta":"","header-above-stick-meta":"","header-main-stick-meta":"","header-below-stick-meta":"","astra-migrate-meta-layouts":"default","ast-page-background-enabled":"default","ast-page-background-meta":{"desktop":{"background-color":"var(--ast-global-color-5)","background-image":"","background-repeat":"repeat","background-position":"center center","background-size":"auto","background-attachment":"scroll","background-type":"","background-media":"","overlay-type":"","overlay-color":"","overlay-opacity":"","overlay-gradient":""},"tablet":{"background-color":"","background-image":"","background-repeat":"repeat","background-position":"center center","background-size":"auto","background-attachment":"scroll","background-type":"","background-media":"","overlay-type":"","overlay-color":"","overlay-opacity":"","overlay-gradient":""},"mobile":{"background-color":"","background-image":"","background-repeat":"repeat","background-position":"center center","background-size":"auto","background-attachment":"scroll","background-type":"","background-media":"","overlay-type":"","overlay-color":"","overlay-opacity":"","overlay-gradient":""}},"ast-content-background-meta":{"desktop":{"background-color":"var(--ast-global-color-4)","background-image":"","background-repeat":"repeat","background-position":"center center","background-size":"auto","background-attachment":"scroll","background-type":"","background-media":"","overlay-type":"","overlay-color":"","overlay-opacity":"","overlay-gradient":""},"tablet":{"background-color":"var(--ast-global-color-4)","background-image":"","background-repeat":"repeat","background-position":"center center","background-size":"auto","background-attachment":"scroll","background-type":"","background-media":"","overlay-type":"","overlay-color":"","overlay-opacity":"","overlay-gradient":""},"mobile":{"background-color":"var(--ast-global-color-4)","background-image":"","background-repeat":"repeat","background-position":"center center","background-size":"auto","background-attachment":"scroll","background-type":"","background-media":"","overlay-type":"","overlay-color":"","overlay-opacity":"","overlay-gradient":""}},"footnotes":""},"class_list":["post-4888","page","type-page","status-publish","hentry"],"_links":{"self":[{"href":"https:\/\/www.projeteuropa.com\/en\/wp-json\/wp\/v2\/pages\/4888","targetHints":{"allow":["GET"]}}],"collection":[{"href":"https:\/\/www.projeteuropa.com\/en\/wp-json\/wp\/v2\/pages"}],"about":[{"href":"https:\/\/www.projeteuropa.com\/en\/wp-json\/wp\/v2\/types\/page"}],"author":[{"embeddable":true,"href":"https:\/\/www.projeteuropa.com\/en\/wp-json\/wp\/v2\/users\/1"}],"replies":[{"embeddable":true,"href":"https:\/\/www.projeteuropa.com\/en\/wp-json\/wp\/v2\/comments?post=4888"}],"version-history":[{"count":71,"href":"https:\/\/www.projeteuropa.com\/en\/wp-json\/wp\/v2\/pages\/4888\/revisions"}],"predecessor-version":[{"id":5168,"href":"https:\/\/www.projeteuropa.com\/en\/wp-json\/wp\/v2\/pages\/4888\/revisions\/5168"}],"wp:attachment":[{"href":"https:\/\/www.projeteuropa.com\/en\/wp-json\/wp\/v2\/media?parent=4888"}],"curies":[{"name":"wp","href":"https:\/\/api.w.org\/{rel}","templated":true}]}}