{"id":5146,"date":"2025-08-27T02:27:29","date_gmt":"2025-08-27T02:27:29","guid":{"rendered":"https:\/\/www.projeteuropa.com\/?page_id=5146"},"modified":"2025-08-28T00:15:37","modified_gmt":"2025-08-28T00:15:37","slug":"realisations","status":"publish","type":"page","link":"https:\/\/www.projeteuropa.com\/en\/realisations\/","title":{"rendered":"Achievements"},"content":{"rendered":"<div data-elementor-type=\"wp-page\" data-elementor-id=\"5146\" class=\"elementor elementor-5146\">\n\t\t\t\t<div class=\"elementor-element elementor-element-ed57cb6 e-flex e-con-boxed e-con e-parent\" data-id=\"ed57cb6\" data-element_type=\"container\" data-e-type=\"container\" data-settings=\"{&quot;background_background&quot;:&quot;classic&quot;}\">\n\t\t\t\t\t<div class=\"e-con-inner\">\n\t\t\t\t<div class=\"elementor-element elementor-element-6c63b1f6 elementor-widget elementor-widget-heading\" data-id=\"6c63b1f6\" data-element_type=\"widget\" data-e-type=\"widget\" data-widget_type=\"heading.default\">\n\t\t\t\t\t<h1 class=\"elementor-heading-title elementor-size-default\">Achievements<\/h1>\t\t\t\t<\/div>\n\t\t\t\t\t<\/div>\n\t\t\t\t<\/div>\n\t\t<div class=\"elementor-element elementor-element-7e3b008b e-flex e-con-boxed e-con e-parent\" data-id=\"7e3b008b\" data-element_type=\"container\" data-e-type=\"container\" data-settings=\"{&quot;background_background&quot;:&quot;classic&quot;}\">\n\t\t\t\t\t<div class=\"e-con-inner\">\n\t\t\t\t<div class=\"elementor-element elementor-element-3c1293de elementor-widget elementor-widget-image-box\" data-id=\"3c1293de\" data-element_type=\"widget\" data-e-type=\"widget\" data-widget_type=\"image-box.default\">\n\t\t\t\t\t<div class=\"elementor-image-box-wrapper\"><div class=\"elementor-image-box-content\"><p class=\"elementor-image-box-description\">Since 1986, Projet Europa has been designing, developing, and executing real estate projects in Montreal. Our expertise covers property management, residential and commercial development, complex project management, and comprehensive supervision of construction and units. <\/p><\/div><\/div>\t\t\t\t<\/div>\n\t\t<div class=\"elementor-element elementor-element-6c17fef3 e-con-full e-flex e-con e-child\" data-id=\"6c17fef3\" data-element_type=\"container\" data-e-type=\"container\">\n\t\t<div class=\"elementor-element elementor-element-7761c9f1 e-con-full e-flex e-con e-child\" data-id=\"7761c9f1\" data-element_type=\"container\" data-e-type=\"container\">\n\t\t\t\t<div class=\"elementor-element elementor-element-52c9c9e2 elementor-widget elementor-widget-image\" data-id=\"52c9c9e2\" data-element_type=\"widget\" data-e-type=\"widget\" data-widget_type=\"image.default\">\n\t\t\t\t\t\t\t\t\t\t\t\t\t\t\t<img loading=\"lazy\" decoding=\"async\" width=\"1600\" height=\"1067\" src=\"https:\/\/www.projeteuropa.com\/wp-content\/uploads\/2013\/05\/Penny-Lane-Home-page-banniere.jpg\" class=\"attachment-full size-full wp-image-934\" alt=\"Penny Lane Home Page Banniere\" srcset=\"https:\/\/www.projeteuropa.com\/wp-content\/uploads\/2013\/05\/Penny-Lane-Home-page-banniere.jpg 1600w, https:\/\/www.projeteuropa.com\/wp-content\/uploads\/2013\/05\/Penny-Lane-Home-page-banniere-300x200.jpg 300w, https:\/\/www.projeteuropa.com\/wp-content\/uploads\/2013\/05\/Penny-Lane-Home-page-banniere-1024x682.jpg 1024w, https:\/\/www.projeteuropa.com\/wp-content\/uploads\/2013\/05\/Penny-Lane-Home-page-banniere-210x140.jpg 210w, https:\/\/www.projeteuropa.com\/wp-content\/uploads\/2013\/05\/Penny-Lane-Home-page-banniere-470x313.jpg 470w, https:\/\/www.projeteuropa.com\/wp-content\/uploads\/2013\/05\/Penny-Lane-Home-page-banniere-730x486.jpg 730w, https:\/\/www.projeteuropa.com\/wp-content\/uploads\/2013\/05\/Penny-Lane-Home-page-banniere-990x660.jpg 990w\" sizes=\"auto, (max-width: 1600px) 100vw, 1600px\" title=\"Achievements\">\t\t\t\t\t\t\t\t\t\t\t\t\t\t\t<\/div>\n\t\t\t\t<\/div>\n\t\t<div class=\"elementor-element elementor-element-23d61599 e-con-full e-flex e-con e-child\" data-id=\"23d61599\" data-element_type=\"container\" data-e-type=\"container\">\n\t\t\t\t<div class=\"elementor-element elementor-element-2037254b elementor-widget elementor-widget-image-box\" data-id=\"2037254b\" data-element_type=\"widget\" data-e-type=\"widget\" data-widget_type=\"image-box.default\">\n\t\t\t\t\t<div class=\"elementor-image-box-wrapper\"><div class=\"elementor-image-box-content\"><h3 class=\"elementor-image-box-title\">Penny Lane by Europa \u2013 Square Victoria (2014-2017)<\/h3><p class=\"elementor-image-box-description\">      <ul>\n        <li>An architectural gem in the heart of Montreal<\/li>\n        <li>Conversion of the former Ottawa Hotel<\/li>\n        <li>59 condo units, ranging from 500 to 1,400 sq. ft., with 1 to 3 bedrooms<\/li>\n        <li>Addition of two new floors on Notre-Dame and Saint-Jacques, recessed roof with abundant windows<\/li>\n        <li>Inner courtyard connecting the two parts of the building<\/li>\n        <li>Ground floor designed for services and shops accessible to residents<\/li>\n        <li>Project combining modern comfort and respect for the existing building<\/li>\n      <\/ul><\/p><\/div><\/div>\t\t\t\t<\/div>\n\t\t\t\t<\/div>\n\t\t\t\t<\/div>\n\t\t<div class=\"elementor-element elementor-element-3fcbda8e e-con-full e-flex e-con e-child\" data-id=\"3fcbda8e\" data-element_type=\"container\" data-e-type=\"container\">\n\t\t<div class=\"elementor-element elementor-element-3deef013 e-con-full e-flex e-con e-child\" data-id=\"3deef013\" data-element_type=\"container\" data-e-type=\"container\">\n\t\t\t\t<div class=\"elementor-element elementor-element-49efbf20 elementor-widget elementor-widget-image-box\" data-id=\"49efbf20\" data-element_type=\"widget\" data-e-type=\"widget\" data-widget_type=\"image-box.default\">\n\t\t\t\t\t<div class=\"elementor-image-box-wrapper\"><div class=\"elementor-image-box-content\"><h3 class=\"elementor-image-box-title\">March\u00e9 Saint-Jacques \u2013 Ville-Marie (2012-2014)<\/h3><p class=\"elementor-image-box-description\">             <li>Revitalization of a historic market with integrated residences<\/li>\n        <li>30 residential units above the market<\/li>\n        <li>Renovation and opening of a lively and accessible market<\/li>\n        <li>Projet redynamisant le quartier tout en int\u00e9grant vie urbaine et patrimoine&lt;\/\n  <ul><\/p><\/div><\/div>\t\t\t\t<\/div>\n\t\t\t\t<\/div>\n\t\t<div class=\"elementor-element elementor-element-42836bdb e-con-full e-flex e-con e-child\" data-id=\"42836bdb\" data-element_type=\"container\" data-e-type=\"container\">\n\t\t\t\t<div class=\"elementor-element elementor-element-111875db elementor-widget elementor-widget-image\" data-id=\"111875db\" data-element_type=\"widget\" data-e-type=\"widget\" data-widget_type=\"image.default\">\n\t\t\t\t\t\t\t\t\t\t\t\t\t\t\t<img loading=\"lazy\" decoding=\"async\" width=\"1800\" height=\"1200\" src=\"https:\/\/www.projeteuropa.com\/wp-content\/uploads\/2025\/07\/MCM_MSJ-FacadeSudOuest-Soir_001_MR.jpg\" class=\"attachment-full size-full wp-image-4921\" alt=\"mcm msj facadesudouest soir 001 mr.jpg\" srcset=\"https:\/\/www.projeteuropa.com\/wp-content\/uploads\/2025\/07\/MCM_MSJ-FacadeSudOuest-Soir_001_MR.jpg 1800w, https:\/\/www.projeteuropa.com\/wp-content\/uploads\/2025\/07\/MCM_MSJ-FacadeSudOuest-Soir_001_MR-300x200.jpg 300w, https:\/\/www.projeteuropa.com\/wp-content\/uploads\/2025\/07\/MCM_MSJ-FacadeSudOuest-Soir_001_MR-1024x683.jpg 1024w, https:\/\/www.projeteuropa.com\/wp-content\/uploads\/2025\/07\/MCM_MSJ-FacadeSudOuest-Soir_001_MR-768x512.jpg 768w, https:\/\/www.projeteuropa.com\/wp-content\/uploads\/2025\/07\/MCM_MSJ-FacadeSudOuest-Soir_001_MR-1536x1024.jpg 1536w\" sizes=\"auto, (max-width: 1800px) 100vw, 1800px\" title=\"Achievements\">\t\t\t\t\t\t\t\t\t\t\t\t\t\t\t<\/div>\n\t\t\t\t<\/div>\n\t\t\t\t<\/div>\n\t\t<div class=\"elementor-element elementor-element-22fc8b32 e-con-full e-flex e-con e-child\" data-id=\"22fc8b32\" data-element_type=\"container\" data-e-type=\"container\">\n\t\t<div class=\"elementor-element elementor-element-3c3f93b1 e-con-full e-flex e-con e-child\" data-id=\"3c3f93b1\" data-element_type=\"container\" data-e-type=\"container\">\n\t\t\t\t<div class=\"elementor-element elementor-element-7f105b0 elementor-widget elementor-widget-image\" data-id=\"7f105b0\" data-element_type=\"widget\" data-e-type=\"widget\" data-widget_type=\"image.default\">\n\t\t\t\t\t\t\t\t\t\t\t\t\t\t\t<img loading=\"lazy\" decoding=\"async\" width=\"639\" height=\"426\" src=\"https:\/\/www.projeteuropa.com\/wp-content\/uploads\/2016\/04\/20.jpg\" class=\"attachment-full size-full wp-image-4617\" alt=\"20\" srcset=\"https:\/\/www.projeteuropa.com\/wp-content\/uploads\/2016\/04\/20.jpg 639w, https:\/\/www.projeteuropa.com\/wp-content\/uploads\/2016\/04\/20-300x200.jpg 300w, https:\/\/www.projeteuropa.com\/wp-content\/uploads\/2016\/04\/20-210x140.jpg 210w, https:\/\/www.projeteuropa.com\/wp-content\/uploads\/2016\/04\/20-470x313.jpg 470w\" sizes=\"auto, (max-width: 639px) 100vw, 639px\" title=\"Achievements\">\t\t\t\t\t\t\t\t\t\t\t\t\t\t\t<\/div>\n\t\t\t\t<\/div>\n\t\t<div class=\"elementor-element elementor-element-6898d56d e-con-full e-flex e-con e-child\" data-id=\"6898d56d\" data-element_type=\"container\" data-e-type=\"container\">\n\t\t\t\t<div class=\"elementor-element elementor-element-57715335 elementor-widget elementor-widget-image-box\" data-id=\"57715335\" data-element_type=\"widget\" data-e-type=\"widget\" data-widget_type=\"image-box.default\">\n\t\t\t\t\t<div class=\"elementor-image-box-wrapper\"><div class=\"elementor-image-box-content\"><h3 class=\"elementor-image-box-title\">Europa Lancashire \u2013 Old Montreal (2011-2014)<\/h3><p class=\"elementor-image-box-description\">\n        <li>17 exclusive units in a century-old building<\/li>\n        <li>Complete renovation of a building constructed in 1899<\/li>\n        <li>Modernized interiors while retaining the antique charm: wide wooden floors, refined doors<\/li>\n        <li>Areas ranging from 778 to 3,000 sq. ft. with views of Old Montreal<\/li>\n        <li>Project combining old-world charm and contemporary residential spaces<\/li>\n      <\/ul><\/p><\/div><\/div>\t\t\t\t<\/div>\n\t\t\t\t<\/div>\n\t\t\t\t<\/div>\n\t\t<div class=\"elementor-element elementor-element-42a30fa6 e-con-full e-flex e-con e-child\" data-id=\"42a30fa6\" data-element_type=\"container\" data-e-type=\"container\">\n\t\t<div class=\"elementor-element elementor-element-3d2b8fa8 e-con-full e-flex e-con e-child\" data-id=\"3d2b8fa8\" data-element_type=\"container\" data-e-type=\"container\">\n\t\t\t\t<div class=\"elementor-element elementor-element-412f8b7b elementor-widget elementor-widget-image-box\" data-id=\"412f8b7b\" data-element_type=\"widget\" data-e-type=\"widget\" data-widget_type=\"image-box.default\">\n\t\t\t\t\t<div class=\"elementor-image-box-wrapper\"><div class=\"elementor-image-box-content\"><h3 class=\"elementor-image-box-title\">Europa Place d\u2019Armes \u2013 Old Montreal (2005-2007)<\/h3><p class=\"elementor-image-box-description\">         <li>Prestigious condos in a former bank headquarters<\/li>\n        <li>Building dating from 1890, former headquarters of the Montreal Railway Corporation and the Bank of Montreal<\/li>\n        <li>16 residential units on the top four floors, ranging from 850 to 1,600 square feet<\/li>\n        <li>Unique 9th floor penthouse apartment with panoramic views<\/li>\n        <li>Preservation of the historic fa\u00e7ade and complete renovation of the interiors<\/li>\n        <li>Central location near Place d\u2019Armes, Old Port, City Hall, International Quarter, Convention Center, and CHUM<\/li><\/p><\/div><\/div>\t\t\t\t<\/div>\n\t\t\t\t<\/div>\n\t\t<div class=\"elementor-element elementor-element-10e92f39 e-con-full e-flex e-con e-child\" data-id=\"10e92f39\" data-element_type=\"container\" data-e-type=\"container\">\n\t\t\t\t<div class=\"elementor-element elementor-element-5062008b elementor-widget elementor-widget-image\" data-id=\"5062008b\" data-element_type=\"widget\" data-e-type=\"widget\" data-widget_type=\"image.default\">\n\t\t\t\t\t\t\t\t\t\t\t\t\t\t\t<img loading=\"lazy\" decoding=\"async\" width=\"990\" height=\"657\" src=\"https:\/\/www.projeteuropa.com\/wp-content\/uploads\/2025\/07\/Condominiums-a-louer.jpg\" class=\"attachment-full size-full wp-image-4941\" alt=\"condominiums a louer.jpg\" srcset=\"https:\/\/www.projeteuropa.com\/wp-content\/uploads\/2025\/07\/Condominiums-a-louer.jpg 990w, https:\/\/www.projeteuropa.com\/wp-content\/uploads\/2025\/07\/Condominiums-a-louer-300x199.jpg 300w, https:\/\/www.projeteuropa.com\/wp-content\/uploads\/2025\/07\/Condominiums-a-louer-768x510.jpg 768w\" sizes=\"auto, (max-width: 990px) 100vw, 990px\" title=\"Achievements\">\t\t\t\t\t\t\t\t\t\t\t\t\t\t\t<\/div>\n\t\t\t\t<\/div>\n\t\t\t\t<\/div>\n\t\t<div class=\"elementor-element elementor-element-3d96721c e-con-full e-flex e-con e-child\" data-id=\"3d96721c\" data-element_type=\"container\" data-e-type=\"container\">\n\t\t<div class=\"elementor-element elementor-element-4154a23e e-con-full e-flex e-con e-child\" data-id=\"4154a23e\" data-element_type=\"container\" data-e-type=\"container\">\n\t\t\t\t<div class=\"elementor-element elementor-element-6c28b893 elementor-widget elementor-widget-image\" data-id=\"6c28b893\" data-element_type=\"widget\" data-e-type=\"widget\" data-widget_type=\"image.default\">\n\t\t\t\t\t\t\t\t\t\t\t\t\t\t\t<img loading=\"lazy\" decoding=\"async\" width=\"1600\" height=\"1065\" src=\"https:\/\/www.projeteuropa.com\/wp-content\/uploads\/2025\/07\/ban5-1600x1067-1.jpg\" class=\"attachment-full size-full wp-image-4953\" alt=\"ban5 1600x1067.jpg\" srcset=\"https:\/\/www.projeteuropa.com\/wp-content\/uploads\/2025\/07\/ban5-1600x1067-1.jpg 1600w, https:\/\/www.projeteuropa.com\/wp-content\/uploads\/2025\/07\/ban5-1600x1067-1-300x200.jpg 300w, https:\/\/www.projeteuropa.com\/wp-content\/uploads\/2025\/07\/ban5-1600x1067-1-1024x682.jpg 1024w, https:\/\/www.projeteuropa.com\/wp-content\/uploads\/2025\/07\/ban5-1600x1067-1-768x511.jpg 768w, https:\/\/www.projeteuropa.com\/wp-content\/uploads\/2025\/07\/ban5-1600x1067-1-1536x1022.jpg 1536w\" sizes=\"auto, (max-width: 1600px) 100vw, 1600px\" title=\"Achievements\">\t\t\t\t\t\t\t\t\t\t\t\t\t\t\t<\/div>\n\t\t\t\t<\/div>\n\t\t<div class=\"elementor-element elementor-element-340f54f8 e-con-full e-flex e-con e-child\" data-id=\"340f54f8\" data-element_type=\"container\" data-e-type=\"container\">\n\t\t\t\t<div class=\"elementor-element elementor-element-22eecb91 elementor-widget elementor-widget-image-box\" data-id=\"22eecb91\" data-element_type=\"widget\" data-e-type=\"widget\" data-widget_type=\"image-box.default\">\n\t\t\t\t\t<div class=\"elementor-image-box-wrapper\"><div class=\"elementor-image-box-content\"><h3 class=\"elementor-image-box-title\">Nouvel Europa \u2013 Old Montreal (2002-2003)<\/h3><p class=\"elementor-image-box-description\"><li>9-story luxury residential complex<\/li>\n        <li>54 residential units and commercial spaces on the ground floor<\/li>\n        <li>Interior courtyard, central air conditioning, and indoor parking<\/li>\n        <li>Strategic location near the Old Port and the cit\u00e9 multimedia\n        <li>Project illustrating the balance between contemporary design and urban integration<\/li><\/p><\/div><\/div>\t\t\t\t<\/div>\n\t\t\t\t<\/div>\n\t\t\t\t<\/div>\n\t\t<div class=\"elementor-element elementor-element-5eab69d3 e-con-full e-flex e-con e-child\" data-id=\"5eab69d3\" data-element_type=\"container\" data-e-type=\"container\">\n\t\t<div class=\"elementor-element elementor-element-125253e0 e-con-full e-flex e-con e-child\" data-id=\"125253e0\" data-element_type=\"container\" data-e-type=\"container\">\n\t\t\t\t<div class=\"elementor-element elementor-element-6132f755 elementor-widget elementor-widget-image-box\" data-id=\"6132f755\" data-element_type=\"widget\" data-e-type=\"widget\" data-widget_type=\"image-box.default\">\n\t\t\t\t\t<div class=\"elementor-image-box-wrapper\"><div class=\"elementor-image-box-content\"><h3 class=\"elementor-image-box-title\">Previous achievements (1986-2000)<\/h3><p class=\"elementor-image-box-description\">                <li>Beginnings and expertise in Montreal<\/li>\n        <li>Award-winning residential developments in Outremont: Querbes, Ducharme, and \u00c9p\u00e9e projects<\/li>\n        <li>Renovations and restorations in the Plateau Mont-Royal neighborhood<\/li>\n        <li>Restoration and modernization of old buildings to create comfortable spaces<\/li>\n        <li>Projects combining design, functionality, and respect for existing buildings<\/li><\/p><\/div><\/div>\t\t\t\t<\/div>\n\t\t\t\t<\/div>\n\t\t<div class=\"elementor-element elementor-element-36b82425 e-con-full e-flex e-con e-child\" data-id=\"36b82425\" data-element_type=\"container\" data-e-type=\"container\">\n\t\t\t\t<div class=\"elementor-element elementor-element-185c5516 elementor-widget elementor-widget-image\" data-id=\"185c5516\" data-element_type=\"widget\" data-e-type=\"widget\" data-widget_type=\"image.default\">\n\t\t\t\t\t\t\t\t\t\t\t\t\t\t\t<img loading=\"lazy\" decoding=\"async\" width=\"990\" height=\"657\" src=\"https:\/\/www.projeteuropa.com\/wp-content\/uploads\/2025\/07\/europaphaseiv.jpg\" class=\"attachment-full size-full wp-image-4919\" alt=\"europaphaseiv.jpg\" srcset=\"https:\/\/www.projeteuropa.com\/wp-content\/uploads\/2025\/07\/europaphaseiv.jpg 990w, https:\/\/www.projeteuropa.com\/wp-content\/uploads\/2025\/07\/europaphaseiv-300x199.jpg 300w, https:\/\/www.projeteuropa.com\/wp-content\/uploads\/2025\/07\/europaphaseiv-768x510.jpg 768w\" sizes=\"auto, (max-width: 990px) 100vw, 990px\" title=\"Achievements\">\t\t\t\t\t\t\t\t\t\t\t\t\t\t\t<\/div>\n\t\t\t\t<\/div>\n\t\t\t\t<\/div>\n\t\t\t\t\t<\/div>\n\t\t\t\t<\/div>\n\t\t<div class=\"elementor-element elementor-element-1918e331 e-flex e-con-boxed e-con e-parent\" data-id=\"1918e331\" data-element_type=\"container\" data-e-type=\"container\" data-settings=\"{&quot;background_background&quot;:&quot;classic&quot;}\">\n\t\t\t\t\t<div class=\"e-con-inner\">\n\t\t\t\t\t<\/div>\n\t\t\t\t<\/div>\n\t\t\t\t<\/div>","protected":false},"excerpt":{"rendered":"<p>R\u00e9alisations Depuis 1986, Projet Europa con\u00e7oit, d\u00e9veloppe et r\u00e9alise des projets immobiliers \u00e0 Montr\u00e9al. Notre expertise couvre la gestion immobili\u00e8re, [&hellip;]<\/p>\n","protected":false},"author":1,"featured_media":0,"parent":0,"menu_order":0,"comment_status":"closed","ping_status":"closed","template":"","meta":{"nf_dc_page":"","site-sidebar-layout":"no-sidebar","site-content-layout":"","ast-site-content-layout":"full-width-container","site-content-style":"default","site-sidebar-style":"default","ast-global-header-display":"","ast-banner-title-visibility":"","ast-main-header-display":"","ast-hfb-above-header-display":"","ast-hfb-below-header-display":"","ast-hfb-mobile-header-display":"","site-post-title":"disabled","ast-breadcrumbs-content":"","ast-featured-img":"disabled","footer-sml-layout":"","ast-disable-related-posts":"","theme-transparent-header-meta":"","adv-header-id-meta":"","stick-header-meta":"","header-above-stick-meta":"","header-main-stick-meta":"","header-below-stick-meta":"","astra-migrate-meta-layouts":"default","ast-page-background-enabled":"default","ast-page-background-meta":{"desktop":{"background-color":"var(--ast-global-color-5)","background-image":"","background-repeat":"repeat","background-position":"center center","background-size":"auto","background-attachment":"scroll","background-type":"","background-media":"","overlay-type":"","overlay-color":"","overlay-opacity":"","overlay-gradient":""},"tablet":{"background-color":"","background-image":"","background-repeat":"repeat","background-position":"center center","background-size":"auto","background-attachment":"scroll","background-type":"","background-media":"","overlay-type":"","overlay-color":"","overlay-opacity":"","overlay-gradient":""},"mobile":{"background-color":"","background-image":"","background-repeat":"repeat","background-position":"center center","background-size":"auto","background-attachment":"scroll","background-type":"","background-media":"","overlay-type":"","overlay-color":"","overlay-opacity":"","overlay-gradient":""}},"ast-content-background-meta":{"desktop":{"background-color":"var(--ast-global-color-4)","background-image":"","background-repeat":"repeat","background-position":"center center","background-size":"auto","background-attachment":"scroll","background-type":"","background-media":"","overlay-type":"","overlay-color":"","overlay-opacity":"","overlay-gradient":""},"tablet":{"background-color":"var(--ast-global-color-4)","background-image":"","background-repeat":"repeat","background-position":"center center","background-size":"auto","background-attachment":"scroll","background-type":"","background-media":"","overlay-type":"","overlay-color":"","overlay-opacity":"","overlay-gradient":""},"mobile":{"background-color":"var(--ast-global-color-4)","background-image":"","background-repeat":"repeat","background-position":"center center","background-size":"auto","background-attachment":"scroll","background-type":"","background-media":"","overlay-type":"","overlay-color":"","overlay-opacity":"","overlay-gradient":""}},"footnotes":""},"class_list":["post-5146","page","type-page","status-publish","hentry"],"_links":{"self":[{"href":"https:\/\/www.projeteuropa.com\/en\/wp-json\/wp\/v2\/pages\/5146","targetHints":{"allow":["GET"]}}],"collection":[{"href":"https:\/\/www.projeteuropa.com\/en\/wp-json\/wp\/v2\/pages"}],"about":[{"href":"https:\/\/www.projeteuropa.com\/en\/wp-json\/wp\/v2\/types\/page"}],"author":[{"embeddable":true,"href":"https:\/\/www.projeteuropa.com\/en\/wp-json\/wp\/v2\/users\/1"}],"replies":[{"embeddable":true,"href":"https:\/\/www.projeteuropa.com\/en\/wp-json\/wp\/v2\/comments?post=5146"}],"version-history":[{"count":13,"href":"https:\/\/www.projeteuropa.com\/en\/wp-json\/wp\/v2\/pages\/5146\/revisions"}],"predecessor-version":[{"id":5165,"href":"https:\/\/www.projeteuropa.com\/en\/wp-json\/wp\/v2\/pages\/5146\/revisions\/5165"}],"wp:attachment":[{"href":"https:\/\/www.projeteuropa.com\/en\/wp-json\/wp\/v2\/media?parent=5146"}],"curies":[{"name":"wp","href":"https:\/\/api.w.org\/{rel}","templated":true}]}}